{"id":156,"date":"2017-10-20T15:18:26","date_gmt":"2017-10-20T15:18:26","guid":{"rendered":"http:\/\/www.materialesortiz.com.mx\/wp\/?page_id=156"},"modified":"2019-11-30T15:28:37","modified_gmt":"2019-11-30T15:28:37","slug":"inicio","status":"publish","type":"page","link":"https:\/\/www.materialesortiz.com.mx\/wp\/","title":{"rendered":"\u00bfQUIENES SOMOS?"},"content":{"rendered":"<p>&nbsp;<\/p>\n<p><a href=\"http:\/\/www.materialesortiz.com.mx\/wp-content\/uploads\/2017\/10\/IMG-20190913-WA0005.jpg\"><img loading=\"lazy\" class=\"wp-image-829 size-medium aligncenter\" src=\"http:\/\/www.materialesortiz.com.mx\/wp-content\/uploads\/2017\/10\/IMG-20190913-WA0005-300x200.jpg\" alt=\"\" width=\"300\" height=\"200\" srcset=\"https:\/\/www.materialesortiz.com.mx\/wp\/wp-content\/uploads\/2017\/10\/IMG-20190913-WA0005-300x200.jpg 300w, https:\/\/www.materialesortiz.com.mx\/wp\/wp-content\/uploads\/2017\/10\/IMG-20190913-WA0005-768x512.jpg 768w, https:\/\/www.materialesortiz.com.mx\/wp\/wp-content\/uploads\/2017\/10\/IMG-20190913-WA0005-1024x682.jpg 1024w, https:\/\/www.materialesortiz.com.mx\/wp\/wp-content\/uploads\/2017\/10\/IMG-20190913-WA0005-830x553.jpg 830w, https:\/\/www.materialesortiz.com.mx\/wp\/wp-content\/uploads\/2017\/10\/IMG-20190913-WA0005-230x153.jpg 230w, https:\/\/www.materialesortiz.com.mx\/wp\/wp-content\/uploads\/2017\/10\/IMG-20190913-WA0005-350x233.jpg 350w, https:\/\/www.materialesortiz.com.mx\/wp\/wp-content\/uploads\/2017\/10\/IMG-20190913-WA0005-480x320.jpg 480w, https:\/\/www.materialesortiz.com.mx\/wp\/wp-content\/uploads\/2017\/10\/IMG-20190913-WA0005.jpg 1280w\" sizes=\"(max-width: 300px) 100vw, 300px\" \/><\/a><\/p>\n<h2 style=\"text-align: center;\"><strong><em>\u00a0MISI\u00d3N<\/em><\/strong><\/h2>\n<h4>Contar con un amplio surtido y stock en nuestras l\u00ednea de productos, respaldados por las mejores marcas de prestigio; Adem\u00e1s de brindar una r\u00e1pida atenci\u00f3n a nuestros clientes, proporcionando una asesor\u00eda amable y oportuna en sus necesidades de compra de materiales para la mejora de viviendas.<\/h4>\n<h2 style=\"text-align: center;\"><em>VISI\u00d3N\u00a0<\/em><\/h2>\n<h4>Ser la empresa l\u00edder en la Zona Media en la venta de materiales o productos empleados para la construcci\u00f3n, remodelaci\u00f3n, decoraci\u00f3n y acondicionamiento de la vivienda.<\/h4>\n<h4>Contando con personal capacitado, comprometido con la empresa y con un gran esp\u00edritu de servicio.<\/h4>\n<h4>Siendo una empresa de calidad, responsable, confiable, con los mejores precios y sobre todo con el mejor servicio<\/h4>\n<p style=\"text-align: center;\">\n<h2 style=\"text-align: center;\"><em>VALORES<\/em><\/h2>\n<h4 style=\"text-align: center;\"><span style=\"color: #000000;\"><strong>Respeto<\/strong><\/span><\/h4>\n<h4 style=\"text-align: center;\"><span style=\"color: #000000;\"><strong>Honestidad<\/strong><\/span><\/h4>\n<h4 style=\"text-align: center;\"><span style=\"color: #000000;\"><strong>Disciplina<\/strong><\/span><\/h4>\n<h4 style=\"text-align: center;\"><span style=\"color: #000000;\"><strong>Responsabilidad<\/strong><\/span><\/h4>\n<h4 style=\"text-align: center;\"><span style=\"color: #000000;\"><strong>Trabajo en equipo<\/strong><\/span><\/h4>\n<h4 style=\"text-align: center;\"><span style=\"color: #000000;\"><strong>Calidad<\/strong><\/span><\/h4>\n<h4 style=\"text-align: center;\"><span style=\"color: #000000;\"><strong>Esp\u00edritu de servicio<\/strong><\/span><\/h4>\n<h4 style=\"text-align: center;\"><span style=\"color: #000000;\"><strong>Entusiasmo<\/strong><\/span><\/h4>\n<h4 style=\"text-align: center;\"><span style=\"color: #000000;\"><strong>Integridad<\/strong><\/span><\/h4>\n<h4 style=\"text-align: center;\"><span style=\"color: #000000;\"><strong>Lealtad<\/strong><\/span><\/h4>\n<h4 style=\"text-align: center;\"><span style=\"color: #000000;\"><strong>Creatividad<\/strong><\/span><\/h4>\n<p><a role=\"button\" target=\"_self\"><br \/>\n<\/a><\/p>\n","protected":false},"excerpt":{"rendered":"<p>&nbsp; \u00a0MISI\u00d3N Contar con un amplio surtido y stock en nuestras l\u00ednea [&hellip;]<\/p>\n","protected":false},"author":1,"featured_media":0,"parent":0,"menu_order":0,"comment_status":"closed","ping_status":"closed","template":"","meta":[],"_links":{"self":[{"href":"https:\/\/www.materialesortiz.com.mx\/wp\/wp-json\/wp\/v2\/pages\/156"}],"collection":[{"href":"https:\/\/www.materialesortiz.com.mx\/wp\/wp-json\/wp\/v2\/pages"}],"about":[{"href":"https:\/\/www.materialesortiz.com.mx\/wp\/wp-json\/wp\/v2\/types\/page"}],"author":[{"embeddable":true,"href":"https:\/\/www.materialesortiz.com.mx\/wp\/wp-json\/wp\/v2\/users\/1"}],"replies":[{"embeddable":true,"href":"https:\/\/www.materialesortiz.com.mx\/wp\/wp-json\/wp\/v2\/comments?post=156"}],"version-history":[{"count":7,"href":"https:\/\/www.materialesortiz.com.mx\/wp\/wp-json\/wp\/v2\/pages\/156\/revisions"}],"predecessor-version":[{"id":1494,"href":"https:\/\/www.materialesortiz.com.mx\/wp\/wp-json\/wp\/v2\/pages\/156\/revisions\/1494"}],"wp:attachment":[{"href":"https:\/\/www.materialesortiz.com.mx\/wp\/wp-json\/wp\/v2\/media?parent=156"}],"curies":[{"name":"wp","href":"https:\/\/api.w.org\/{rel}","templated":true}]}}